{"id":9450,"date":"2020-05-14T11:56:23","date_gmt":"2020-05-14T11:56:23","guid":{"rendered":"https:\/\/luizajewels.com\/product\/hegyikristaly-karperec\/"},"modified":"2025-09-19T11:39:46","modified_gmt":"2025-09-19T11:39:46","slug":"hegyikristaly-karperec","status":"publish","type":"product","link":"https:\/\/luizajewels.com\/en\/product\/hegyikristaly-karperec\/","title":{"rendered":"Clear quartz bangle"},"content":{"rendered":"","protected":false},"excerpt":{"rendered":"<p><span data-sheets-value=\"{\"1\":2,\"2\":\"K\u00e9zzel k\u00e9sz\u00fclt, finom matt ez\u00fcst \u00e9kszer, term\u00e9szetes nyers hegyikrist\u00e1llyal.\"}\" data-sheets-userformat=\"{\"2\":577,\"3\":{\"1\":0},\"9\":0,\"12\":0}\">Handcrafted silk matte silver jewelry with raw clear quartz.<\/span><\/p>\n<p>Details:<\/p>\n<ul>\n<li>Delivery time: 2-4 weeks<\/li>\n<li>Material: 925 Sterling Silver (Also available in yellow or rose gold plated silver!)<\/li>\n<li>Finish: silk matte<\/li>\n<li>Crystal: raw clear quartz<\/li>\n<li>Sizes: S (13-15 cm wrist), M (16-18 cm wrist), L (19-21 cm wrist)<\/li>\n<\/ul>\n<p>Since every raw gemstone is unique, the one in your ordered piece may differ from the one shown in the photo.<\/p>\n<p>In case of sizing issues, we are of course happy to help. However, since each piece is made to order, this may incur a minimal additional cost.<\/p>\n","protected":false},"featured_media":8134,"template":"","meta":{"_acf_changed":false,"rs_blank_template":"","rs_page_bg_color":"","slide_template_v7":"","_monsterinsights_skip_tracking":false,"_monsterinsights_sitenote_active":false,"_monsterinsights_sitenote_note":"","_monsterinsights_sitenote_category":0},"product_brand":[],"product_cat":[83,77],"product_tag":[],"class_list":{"0":"post-9450","1":"product","2":"type-product","3":"status-publish","4":"has-post-thumbnail","6":"product_cat-hegyikristaly-kollekcio-en","7":"product_cat-karperec-en","10":"first","11":"instock","12":"shipping-taxable","13":"purchasable","14":"product-type-variable"},"acf":[],"yoast_head":"<!-- This site is optimized with the Yoast SEO plugin v27.5 - https:\/\/yoast.com\/product\/yoast-seo-wordpress\/ -->\n<title>Clear quartz bangle - LUIZA jewels<\/title>\n<meta name=\"robots\" content=\"index, follow, max-snippet:-1, max-image-preview:large, max-video-preview:-1\" \/>\n<link rel=\"canonical\" href=\"https:\/\/luizajewels.com\/en\/product\/hegyikristaly-karperec\/\" \/>\n<meta property=\"og:locale\" content=\"en_US\" \/>\n<meta property=\"og:type\" content=\"article\" \/>\n<meta property=\"og:title\" content=\"Clear quartz bangle - LUIZA jewels\" \/>\n<meta property=\"og:description\" content=\"Handcrafted silk matte silver jewelry with raw clear quartz. Details:  Delivery time: 2-4 weeks  Material: 925 Sterling Silver (Also available in yellow or rose gold plated silver!)  Finish: silk matte  Crystal: raw clear quartz  Sizes: S (13-15 cm wrist), M (16-18 cm wrist), L (19-21 cm wrist) Since every raw gemstone is unique, the one in your ordered piece may differ from the one shown in the photo. In case of sizing issues, we are of course happy to help. However, since each piece is made to order, this may incur a minimal additional cost.\" \/>\n<meta property=\"og:url\" content=\"https:\/\/luizajewels.com\/en\/product\/hegyikristaly-karperec\/\" \/>\n<meta property=\"og:site_name\" content=\"LUIZA jewels\" \/>\n<meta property=\"article:modified_time\" content=\"2025-09-19T11:39:46+00:00\" \/>\n<meta property=\"og:image\" content=\"https:\/\/luizajewels.com\/wp-content\/uploads\/2020\/05\/LUIZA-25-1.jpg\" \/>\n\t<meta property=\"og:image:width\" content=\"1600\" \/>\n\t<meta property=\"og:image:height\" content=\"2000\" \/>\n\t<meta property=\"og:image:type\" content=\"image\/jpeg\" \/>\n<meta name=\"twitter:card\" content=\"summary_large_image\" \/>\n<meta name=\"twitter:label1\" content=\"Est. reading time\" \/>\n\t<meta name=\"twitter:data1\" content=\"1 minute\" \/>\n<script type=\"application\/ld+json\" class=\"yoast-schema-graph\">{\"@context\":\"https:\\\/\\\/schema.org\",\"@graph\":[{\"@type\":\"WebPage\",\"@id\":\"https:\\\/\\\/luizajewels.com\\\/en\\\/product\\\/hegyikristaly-karperec\\\/\",\"url\":\"https:\\\/\\\/luizajewels.com\\\/en\\\/product\\\/hegyikristaly-karperec\\\/\",\"name\":\"Clear quartz bangle - LUIZA jewels\",\"isPartOf\":{\"@id\":\"https:\\\/\\\/luizajewels.com\\\/en\\\/#website\"},\"primaryImageOfPage\":{\"@id\":\"https:\\\/\\\/luizajewels.com\\\/en\\\/product\\\/hegyikristaly-karperec\\\/#primaryimage\"},\"image\":{\"@id\":\"https:\\\/\\\/luizajewels.com\\\/en\\\/product\\\/hegyikristaly-karperec\\\/#primaryimage\"},\"thumbnailUrl\":\"https:\\\/\\\/luizajewels.com\\\/wp-content\\\/uploads\\\/2020\\\/05\\\/LUIZA-25-1.jpg\",\"datePublished\":\"2020-05-14T11:56:23+00:00\",\"dateModified\":\"2025-09-19T11:39:46+00:00\",\"breadcrumb\":{\"@id\":\"https:\\\/\\\/luizajewels.com\\\/en\\\/product\\\/hegyikristaly-karperec\\\/#breadcrumb\"},\"inLanguage\":\"en-US\",\"potentialAction\":[{\"@type\":\"ReadAction\",\"target\":[\"https:\\\/\\\/luizajewels.com\\\/en\\\/product\\\/hegyikristaly-karperec\\\/\"]}]},{\"@type\":\"ImageObject\",\"inLanguage\":\"en-US\",\"@id\":\"https:\\\/\\\/luizajewels.com\\\/en\\\/product\\\/hegyikristaly-karperec\\\/#primaryimage\",\"url\":\"https:\\\/\\\/luizajewels.com\\\/wp-content\\\/uploads\\\/2020\\\/05\\\/LUIZA-25-1.jpg\",\"contentUrl\":\"https:\\\/\\\/luizajewels.com\\\/wp-content\\\/uploads\\\/2020\\\/05\\\/LUIZA-25-1.jpg\",\"width\":1600,\"height\":2000},{\"@type\":\"BreadcrumbList\",\"@id\":\"https:\\\/\\\/luizajewels.com\\\/en\\\/product\\\/hegyikristaly-karperec\\\/#breadcrumb\",\"itemListElement\":[{\"@type\":\"ListItem\",\"position\":1,\"name\":\"Home\",\"item\":\"https:\\\/\\\/luizajewels.com\\\/en\\\/\"},{\"@type\":\"ListItem\",\"position\":2,\"name\":\"Shop\",\"item\":\"https:\\\/\\\/luizajewels.com\\\/en\\\/shop\\\/\"},{\"@type\":\"ListItem\",\"position\":3,\"name\":\"Clear quartz bangle\"}]},{\"@type\":\"WebSite\",\"@id\":\"https:\\\/\\\/luizajewels.com\\\/en\\\/#website\",\"url\":\"https:\\\/\\\/luizajewels.com\\\/en\\\/\",\"name\":\"LUIZA jewels\",\"description\":\"Crystal jewelry\",\"potentialAction\":[{\"@type\":\"SearchAction\",\"target\":{\"@type\":\"EntryPoint\",\"urlTemplate\":\"https:\\\/\\\/luizajewels.com\\\/en\\\/?s={search_term_string}\"},\"query-input\":{\"@type\":\"PropertyValueSpecification\",\"valueRequired\":true,\"valueName\":\"search_term_string\"}}],\"inLanguage\":\"en-US\"}]}<\/script>\n<!-- \/ Yoast SEO plugin. -->","yoast_head_json":{"title":"Clear quartz bangle - LUIZA jewels","robots":{"index":"index","follow":"follow","max-snippet":"max-snippet:-1","max-image-preview":"max-image-preview:large","max-video-preview":"max-video-preview:-1"},"canonical":"https:\/\/luizajewels.com\/en\/product\/hegyikristaly-karperec\/","og_locale":"en_US","og_type":"article","og_title":"Clear quartz bangle - LUIZA jewels","og_description":"Handcrafted silk matte silver jewelry with raw clear quartz. Details:  Delivery time: 2-4 weeks  Material: 925 Sterling Silver (Also available in yellow or rose gold plated silver!)  Finish: silk matte  Crystal: raw clear quartz  Sizes: S (13-15 cm wrist), M (16-18 cm wrist), L (19-21 cm wrist) Since every raw gemstone is unique, the one in your ordered piece may differ from the one shown in the photo. In case of sizing issues, we are of course happy to help. However, since each piece is made to order, this may incur a minimal additional cost.","og_url":"https:\/\/luizajewels.com\/en\/product\/hegyikristaly-karperec\/","og_site_name":"LUIZA jewels","article_modified_time":"2025-09-19T11:39:46+00:00","og_image":[{"width":1600,"height":2000,"url":"https:\/\/luizajewels.com\/wp-content\/uploads\/2020\/05\/LUIZA-25-1.jpg","type":"image\/jpeg"}],"twitter_card":"summary_large_image","twitter_misc":{"Est. reading time":"1 minute"},"schema":{"@context":"https:\/\/schema.org","@graph":[{"@type":"WebPage","@id":"https:\/\/luizajewels.com\/en\/product\/hegyikristaly-karperec\/","url":"https:\/\/luizajewels.com\/en\/product\/hegyikristaly-karperec\/","name":"Clear quartz bangle - LUIZA jewels","isPartOf":{"@id":"https:\/\/luizajewels.com\/en\/#website"},"primaryImageOfPage":{"@id":"https:\/\/luizajewels.com\/en\/product\/hegyikristaly-karperec\/#primaryimage"},"image":{"@id":"https:\/\/luizajewels.com\/en\/product\/hegyikristaly-karperec\/#primaryimage"},"thumbnailUrl":"https:\/\/luizajewels.com\/wp-content\/uploads\/2020\/05\/LUIZA-25-1.jpg","datePublished":"2020-05-14T11:56:23+00:00","dateModified":"2025-09-19T11:39:46+00:00","breadcrumb":{"@id":"https:\/\/luizajewels.com\/en\/product\/hegyikristaly-karperec\/#breadcrumb"},"inLanguage":"en-US","potentialAction":[{"@type":"ReadAction","target":["https:\/\/luizajewels.com\/en\/product\/hegyikristaly-karperec\/"]}]},{"@type":"ImageObject","inLanguage":"en-US","@id":"https:\/\/luizajewels.com\/en\/product\/hegyikristaly-karperec\/#primaryimage","url":"https:\/\/luizajewels.com\/wp-content\/uploads\/2020\/05\/LUIZA-25-1.jpg","contentUrl":"https:\/\/luizajewels.com\/wp-content\/uploads\/2020\/05\/LUIZA-25-1.jpg","width":1600,"height":2000},{"@type":"BreadcrumbList","@id":"https:\/\/luizajewels.com\/en\/product\/hegyikristaly-karperec\/#breadcrumb","itemListElement":[{"@type":"ListItem","position":1,"name":"Home","item":"https:\/\/luizajewels.com\/en\/"},{"@type":"ListItem","position":2,"name":"Shop","item":"https:\/\/luizajewels.com\/en\/shop\/"},{"@type":"ListItem","position":3,"name":"Clear quartz bangle"}]},{"@type":"WebSite","@id":"https:\/\/luizajewels.com\/en\/#website","url":"https:\/\/luizajewels.com\/en\/","name":"LUIZA jewels","description":"Crystal jewelry","potentialAction":[{"@type":"SearchAction","target":{"@type":"EntryPoint","urlTemplate":"https:\/\/luizajewels.com\/en\/?s={search_term_string}"},"query-input":{"@type":"PropertyValueSpecification","valueRequired":true,"valueName":"search_term_string"}}],"inLanguage":"en-US"}]}},"_links":{"self":[{"href":"https:\/\/luizajewels.com\/en\/wp-json\/wp\/v2\/product\/9450","targetHints":{"allow":["GET"]}}],"collection":[{"href":"https:\/\/luizajewels.com\/en\/wp-json\/wp\/v2\/product"}],"about":[{"href":"https:\/\/luizajewels.com\/en\/wp-json\/wp\/v2\/types\/product"}],"wp:featuredmedia":[{"embeddable":true,"href":"https:\/\/luizajewels.com\/en\/wp-json\/wp\/v2\/media\/8134"}],"wp:attachment":[{"href":"https:\/\/luizajewels.com\/en\/wp-json\/wp\/v2\/media?parent=9450"}],"wp:term":[{"taxonomy":"product_brand","embeddable":true,"href":"https:\/\/luizajewels.com\/en\/wp-json\/wp\/v2\/product_brand?post=9450"},{"taxonomy":"product_cat","embeddable":true,"href":"https:\/\/luizajewels.com\/en\/wp-json\/wp\/v2\/product_cat?post=9450"},{"taxonomy":"product_tag","embeddable":true,"href":"https:\/\/luizajewels.com\/en\/wp-json\/wp\/v2\/product_tag?post=9450"}],"curies":[{"name":"wp","href":"https:\/\/api.w.org\/{rel}","templated":true}]}}