{"id":9443,"date":"2020-05-14T11:56:23","date_gmt":"2020-05-14T11:56:23","guid":{"rendered":"https:\/\/luizajewels.com\/product\/hegyikristaly-nyaklanc\/"},"modified":"2025-09-19T11:37:16","modified_gmt":"2025-09-19T11:37:16","slug":"hegyikristaly-nyaklanc","status":"publish","type":"product","link":"https:\/\/luizajewels.com\/en\/product\/hegyikristaly-nyaklanc\/","title":{"rendered":"Clear quartz necklace"},"content":{"rendered":"","protected":false},"excerpt":{"rendered":"<p><span data-sheets-value=\"{\"1\":2,\"2\":\"K\u00e9zzel k\u00e9sz\u00fclt, finom matt ez\u00fcst \u00e9kszer, term\u00e9szetes nyers hegyikrist\u00e1llyal.\"}\" data-sheets-userformat=\"{\"2\":577,\"3\":{\"1\":0},\"9\":0,\"12\":0}\">Handcrafted silver jewelry with raw clear quartz.<\/span><\/p>\n<p>Details:<\/p>\n<ul>\n<li>Delivery time: 2-4 weeks<\/li>\n<li>Material: 925 Sterling Silver (Also available in yellow or rose gold plated silver!)<\/li>\n<li>Crystal: raw clear quartz<\/li>\n<li>Chain lenght: 42 cm<\/li>\n<\/ul>\n<p>Since every raw gemstone is unique, the one in your ordered piece may differ from the one shown in the photo. The last photo in the gallery shows the crystals used.<\/p>\n","protected":false},"featured_media":7321,"template":"","meta":{"_acf_changed":false,"rs_blank_template":"","rs_page_bg_color":"","slide_template_v7":"","_monsterinsights_skip_tracking":false,"_monsterinsights_sitenote_active":false,"_monsterinsights_sitenote_note":"","_monsterinsights_sitenote_category":0},"product_brand":[],"product_cat":[82,83,74],"product_tag":[],"class_list":{"0":"post-9443","1":"product","2":"type-product","3":"status-publish","4":"has-post-thumbnail","6":"product_cat-fustkvarc-kollekcio-en","7":"product_cat-hegyikristaly-kollekcio-en","8":"product_cat-nyaklanc-en","11":"first","12":"instock","13":"shipping-taxable","14":"purchasable","15":"product-type-variable"},"acf":[],"yoast_head":"<!-- This site is optimized with the Yoast SEO plugin v27.5 - https:\/\/yoast.com\/product\/yoast-seo-wordpress\/ -->\n<title>Clear quartz necklace - LUIZA jewels<\/title>\n<meta name=\"robots\" content=\"index, follow, max-snippet:-1, max-image-preview:large, max-video-preview:-1\" \/>\n<link rel=\"canonical\" href=\"https:\/\/luizajewels.com\/en\/product\/hegyikristaly-nyaklanc\/\" \/>\n<meta property=\"og:locale\" content=\"en_US\" \/>\n<meta property=\"og:type\" content=\"article\" \/>\n<meta property=\"og:title\" content=\"Clear quartz necklace - LUIZA jewels\" \/>\n<meta property=\"og:description\" content=\"Handcrafted silver jewelry with raw clear quartz. Details:  Delivery time: 2-4 weeks  Material: 925 Sterling Silver (Also available in yellow or rose gold plated silver!)  Crystal: raw clear quartz  Chain lenght: 42 cm Since every raw gemstone is unique, the one in your ordered piece may differ from the one shown in the photo. The last photo in the gallery shows the crystals used.\" \/>\n<meta property=\"og:url\" content=\"https:\/\/luizajewels.com\/en\/product\/hegyikristaly-nyaklanc\/\" \/>\n<meta property=\"og:site_name\" content=\"LUIZA jewels\" \/>\n<meta property=\"article:modified_time\" content=\"2025-09-19T11:37:16+00:00\" \/>\n<meta property=\"og:image\" content=\"https:\/\/luizajewels.com\/wp-content\/uploads\/2020\/05\/LUIZA-33.jpg\" \/>\n\t<meta property=\"og:image:width\" content=\"1920\" \/>\n\t<meta property=\"og:image:height\" content=\"1779\" \/>\n\t<meta property=\"og:image:type\" content=\"image\/jpeg\" \/>\n<meta name=\"twitter:card\" content=\"summary_large_image\" \/>\n<meta name=\"twitter:label1\" content=\"Est. reading time\" \/>\n\t<meta name=\"twitter:data1\" content=\"1 minute\" \/>\n<script type=\"application\/ld+json\" class=\"yoast-schema-graph\">{\"@context\":\"https:\\\/\\\/schema.org\",\"@graph\":[{\"@type\":\"WebPage\",\"@id\":\"https:\\\/\\\/luizajewels.com\\\/en\\\/product\\\/hegyikristaly-nyaklanc\\\/\",\"url\":\"https:\\\/\\\/luizajewels.com\\\/en\\\/product\\\/hegyikristaly-nyaklanc\\\/\",\"name\":\"Clear quartz necklace - LUIZA jewels\",\"isPartOf\":{\"@id\":\"https:\\\/\\\/luizajewels.com\\\/en\\\/#website\"},\"primaryImageOfPage\":{\"@id\":\"https:\\\/\\\/luizajewels.com\\\/en\\\/product\\\/hegyikristaly-nyaklanc\\\/#primaryimage\"},\"image\":{\"@id\":\"https:\\\/\\\/luizajewels.com\\\/en\\\/product\\\/hegyikristaly-nyaklanc\\\/#primaryimage\"},\"thumbnailUrl\":\"https:\\\/\\\/luizajewels.com\\\/wp-content\\\/uploads\\\/2020\\\/05\\\/LUIZA-33.jpg\",\"datePublished\":\"2020-05-14T11:56:23+00:00\",\"dateModified\":\"2025-09-19T11:37:16+00:00\",\"breadcrumb\":{\"@id\":\"https:\\\/\\\/luizajewels.com\\\/en\\\/product\\\/hegyikristaly-nyaklanc\\\/#breadcrumb\"},\"inLanguage\":\"en-US\",\"potentialAction\":[{\"@type\":\"ReadAction\",\"target\":[\"https:\\\/\\\/luizajewels.com\\\/en\\\/product\\\/hegyikristaly-nyaklanc\\\/\"]}]},{\"@type\":\"ImageObject\",\"inLanguage\":\"en-US\",\"@id\":\"https:\\\/\\\/luizajewels.com\\\/en\\\/product\\\/hegyikristaly-nyaklanc\\\/#primaryimage\",\"url\":\"https:\\\/\\\/luizajewels.com\\\/wp-content\\\/uploads\\\/2020\\\/05\\\/LUIZA-33.jpg\",\"contentUrl\":\"https:\\\/\\\/luizajewels.com\\\/wp-content\\\/uploads\\\/2020\\\/05\\\/LUIZA-33.jpg\",\"width\":1920,\"height\":1779},{\"@type\":\"BreadcrumbList\",\"@id\":\"https:\\\/\\\/luizajewels.com\\\/en\\\/product\\\/hegyikristaly-nyaklanc\\\/#breadcrumb\",\"itemListElement\":[{\"@type\":\"ListItem\",\"position\":1,\"name\":\"Home\",\"item\":\"https:\\\/\\\/luizajewels.com\\\/en\\\/\"},{\"@type\":\"ListItem\",\"position\":2,\"name\":\"Shop\",\"item\":\"https:\\\/\\\/luizajewels.com\\\/en\\\/shop\\\/\"},{\"@type\":\"ListItem\",\"position\":3,\"name\":\"Clear quartz necklace\"}]},{\"@type\":\"WebSite\",\"@id\":\"https:\\\/\\\/luizajewels.com\\\/en\\\/#website\",\"url\":\"https:\\\/\\\/luizajewels.com\\\/en\\\/\",\"name\":\"LUIZA jewels\",\"description\":\"Crystal jewelry\",\"potentialAction\":[{\"@type\":\"SearchAction\",\"target\":{\"@type\":\"EntryPoint\",\"urlTemplate\":\"https:\\\/\\\/luizajewels.com\\\/en\\\/?s={search_term_string}\"},\"query-input\":{\"@type\":\"PropertyValueSpecification\",\"valueRequired\":true,\"valueName\":\"search_term_string\"}}],\"inLanguage\":\"en-US\"}]}<\/script>\n<!-- \/ Yoast SEO plugin. -->","yoast_head_json":{"title":"Clear quartz necklace - LUIZA jewels","robots":{"index":"index","follow":"follow","max-snippet":"max-snippet:-1","max-image-preview":"max-image-preview:large","max-video-preview":"max-video-preview:-1"},"canonical":"https:\/\/luizajewels.com\/en\/product\/hegyikristaly-nyaklanc\/","og_locale":"en_US","og_type":"article","og_title":"Clear quartz necklace - LUIZA jewels","og_description":"Handcrafted silver jewelry with raw clear quartz. Details:  Delivery time: 2-4 weeks  Material: 925 Sterling Silver (Also available in yellow or rose gold plated silver!)  Crystal: raw clear quartz  Chain lenght: 42 cm Since every raw gemstone is unique, the one in your ordered piece may differ from the one shown in the photo. The last photo in the gallery shows the crystals used.","og_url":"https:\/\/luizajewels.com\/en\/product\/hegyikristaly-nyaklanc\/","og_site_name":"LUIZA jewels","article_modified_time":"2025-09-19T11:37:16+00:00","og_image":[{"width":1920,"height":1779,"url":"https:\/\/luizajewels.com\/wp-content\/uploads\/2020\/05\/LUIZA-33.jpg","type":"image\/jpeg"}],"twitter_card":"summary_large_image","twitter_misc":{"Est. reading time":"1 minute"},"schema":{"@context":"https:\/\/schema.org","@graph":[{"@type":"WebPage","@id":"https:\/\/luizajewels.com\/en\/product\/hegyikristaly-nyaklanc\/","url":"https:\/\/luizajewels.com\/en\/product\/hegyikristaly-nyaklanc\/","name":"Clear quartz necklace - LUIZA jewels","isPartOf":{"@id":"https:\/\/luizajewels.com\/en\/#website"},"primaryImageOfPage":{"@id":"https:\/\/luizajewels.com\/en\/product\/hegyikristaly-nyaklanc\/#primaryimage"},"image":{"@id":"https:\/\/luizajewels.com\/en\/product\/hegyikristaly-nyaklanc\/#primaryimage"},"thumbnailUrl":"https:\/\/luizajewels.com\/wp-content\/uploads\/2020\/05\/LUIZA-33.jpg","datePublished":"2020-05-14T11:56:23+00:00","dateModified":"2025-09-19T11:37:16+00:00","breadcrumb":{"@id":"https:\/\/luizajewels.com\/en\/product\/hegyikristaly-nyaklanc\/#breadcrumb"},"inLanguage":"en-US","potentialAction":[{"@type":"ReadAction","target":["https:\/\/luizajewels.com\/en\/product\/hegyikristaly-nyaklanc\/"]}]},{"@type":"ImageObject","inLanguage":"en-US","@id":"https:\/\/luizajewels.com\/en\/product\/hegyikristaly-nyaklanc\/#primaryimage","url":"https:\/\/luizajewels.com\/wp-content\/uploads\/2020\/05\/LUIZA-33.jpg","contentUrl":"https:\/\/luizajewels.com\/wp-content\/uploads\/2020\/05\/LUIZA-33.jpg","width":1920,"height":1779},{"@type":"BreadcrumbList","@id":"https:\/\/luizajewels.com\/en\/product\/hegyikristaly-nyaklanc\/#breadcrumb","itemListElement":[{"@type":"ListItem","position":1,"name":"Home","item":"https:\/\/luizajewels.com\/en\/"},{"@type":"ListItem","position":2,"name":"Shop","item":"https:\/\/luizajewels.com\/en\/shop\/"},{"@type":"ListItem","position":3,"name":"Clear quartz necklace"}]},{"@type":"WebSite","@id":"https:\/\/luizajewels.com\/en\/#website","url":"https:\/\/luizajewels.com\/en\/","name":"LUIZA jewels","description":"Crystal jewelry","potentialAction":[{"@type":"SearchAction","target":{"@type":"EntryPoint","urlTemplate":"https:\/\/luizajewels.com\/en\/?s={search_term_string}"},"query-input":{"@type":"PropertyValueSpecification","valueRequired":true,"valueName":"search_term_string"}}],"inLanguage":"en-US"}]}},"_links":{"self":[{"href":"https:\/\/luizajewels.com\/en\/wp-json\/wp\/v2\/product\/9443","targetHints":{"allow":["GET"]}}],"collection":[{"href":"https:\/\/luizajewels.com\/en\/wp-json\/wp\/v2\/product"}],"about":[{"href":"https:\/\/luizajewels.com\/en\/wp-json\/wp\/v2\/types\/product"}],"wp:featuredmedia":[{"embeddable":true,"href":"https:\/\/luizajewels.com\/en\/wp-json\/wp\/v2\/media\/7321"}],"wp:attachment":[{"href":"https:\/\/luizajewels.com\/en\/wp-json\/wp\/v2\/media?parent=9443"}],"wp:term":[{"taxonomy":"product_brand","embeddable":true,"href":"https:\/\/luizajewels.com\/en\/wp-json\/wp\/v2\/product_brand?post=9443"},{"taxonomy":"product_cat","embeddable":true,"href":"https:\/\/luizajewels.com\/en\/wp-json\/wp\/v2\/product_cat?post=9443"},{"taxonomy":"product_tag","embeddable":true,"href":"https:\/\/luizajewels.com\/en\/wp-json\/wp\/v2\/product_tag?post=9443"}],"curies":[{"name":"wp","href":"https:\/\/api.w.org\/{rel}","templated":true}]}}