{"id":8998,"date":"2022-11-11T14:26:58","date_gmt":"2022-11-11T14:26:58","guid":{"rendered":"https:\/\/luizajewels.com\/product\/rustic-egyedi-asvanyos\/"},"modified":"2025-10-23T19:13:17","modified_gmt":"2025-10-23T19:13:17","slug":"rustic-egyedi-asvanyos","status":"publish","type":"product","link":"https:\/\/luizajewels.com\/en\/product\/rustic-egyedi-asvanyos\/","title":{"rendered":"RUSTIC custom crystal ring"},"content":{"rendered":"","protected":false},"excerpt":{"rendered":"<p>K\u00e9zzel k\u00e9sz\u00fclt, rusztikus \u00e9kszer v\u00e1laszthat\u00f3 \u00e1sv\u00e1nnyal.<\/p>\n<p>Details:<\/p>\n<ul>\n<li>Delivery time: 2-4 weeks<\/li>\n<li>Material: silver &#8211; yellow gold plated silver &#8211; rose gold plated silver &#8211; 14k white gold &#8211; 14k yellow gold &#8211; 14k rose gold<\/li>\n<li>Finish: polished<\/li>\n<li>Optional crystals: aquamarine, amethyst, peridot, garnet, citrine, rose quartz, clear crystal, smoky quartz, black tourmaline, carnelian<\/li>\n<\/ul>\n<p>Briefly about crystals:<\/p>\n<ul>\n<li>aquamarine: courage, wealth, communication<\/li>\n<li>amethyst: focus, harmony, intuition<\/li>\n<li>peridot: clarity, independence, self-confidence<\/li>\n<li>garnet: life energy, willpower, sexuality<\/li>\n<li>citrine: abundance, optimism, zest for life<\/li>\n<li>rose quartz: love, openness, empathy<\/li>\n<li>clear crystal: transparency, harmony, wisdom<\/li>\n<li>smoky quartz: stability, stress relief, protection against negative energies<\/li>\n<li>black tourmaline: protection, communication, vitality<\/li>\n<li>carnelian: fertility, energy, courage, creativity<\/li>\n<\/ul>\n<p>According to the horoscope:<\/p>\n<ul>\n<li>Aquarius: amethyst<\/li>\n<li>Pisces: aquamarine<\/li>\n<li>Aries: garnet<\/li>\n<li>Taurus: rose quartz<\/li>\n<li>Gemini: citrine<\/li>\n<li>Cancer: rose quartz<\/li>\n<li>Leo: peridot<\/li>\n<li>Virgo: clear crystal<\/li>\n<li>Libra: smoky quartz<\/li>\n<li>Scorpio: black tourmaline<\/li>\n<li>Sagittarius: amethyst<\/li>\n<li>Capricorn: garnet<\/li>\n<\/ul>\n<p>Each raw crystal is unique, so the one in the jewelry you order may differ from the one in the picture. If there is a size problem, we can resize the rings, but as all our jewelry is custom made, this may incur a minimal additional cost. If this should occur, please contact us <a href=\"https:\/\/luizajewels.com\/#kapcsolat\">here.<\/a> <\/p>\n","protected":false},"featured_media":7625,"template":"","meta":{"_acf_changed":false,"rs_blank_template":"","rs_page_bg_color":"","slide_template_v7":"","_monsterinsights_skip_tracking":false,"_monsterinsights_sitenote_active":false,"_monsterinsights_sitenote_note":"","_monsterinsights_sitenote_category":0},"product_brand":[],"product_cat":[69,72],"product_tag":[],"class_list":{"0":"post-8998","1":"product","2":"type-product","3":"status-publish","4":"has-post-thumbnail","6":"product_cat-custom-crystal-en","7":"product_cat-gyuru-en","10":"first","11":"instock","12":"shipping-taxable","13":"purchasable","14":"product-type-variable"},"acf":[],"yoast_head":"<!-- This site is optimized with the Yoast SEO plugin v27.5 - https:\/\/yoast.com\/product\/yoast-seo-wordpress\/ -->\n<title>RUSTIC custom crystal ring - LUIZA jewels<\/title>\n<meta name=\"robots\" content=\"index, follow, max-snippet:-1, max-image-preview:large, max-video-preview:-1\" \/>\n<link rel=\"canonical\" href=\"https:\/\/luizajewels.com\/en\/product\/rustic-egyedi-asvanyos\/\" \/>\n<meta property=\"og:locale\" content=\"en_US\" \/>\n<meta property=\"og:type\" content=\"article\" \/>\n<meta property=\"og:title\" content=\"RUSTIC custom crystal ring - LUIZA jewels\" \/>\n<meta property=\"og:description\" content=\"K\u00e9zzel k\u00e9sz\u00fclt, rusztikus \u00e9kszer v\u00e1laszthat\u00f3 \u00e1sv\u00e1nnyal. Details:  Delivery time: 2-4 weeks  Material: silver - yellow gold plated silver - rose gold plated silver - 14k white gold - 14k yellow gold - 14k rose gold  Finish: polished  Optional crystals: aquamarine, amethyst, peridot, garnet, citrine, rose quartz, clear crystal, smoky quartz, black tourmaline, carnelian Briefly about crystals:  aquamarine: courage, wealth, communication  amethyst: focus, harmony, intuition  peridot: clarity, independence, self-confidence  garnet: life energy, willpower, sexuality  citrine: abundance, optimism, zest for life  rose quartz: love, openness, empathy  clear crystal: transparency, harmony, wisdom  smoky quartz: stability, stress relief, protection against negative energies  black tourmaline: protection, communication, vitality  carnelian: fertility, energy, courage, creativity According to the horoscope:  Aquarius: amethyst  Pisces: aquamarine  Aries: garnet  Taurus: rose quartz  Gemini: citrine  Cancer: rose quartz  Leo: peridot  Virgo: clear crystal  Libra: smoky quartz  Scorpio: black tourmaline  Sagittarius: amethyst  Capricorn: garnet Each raw crystal is unique, so the one in the jewelry you order may differ from the one in the picture. If there is a size problem, we can resize the rings, but as all our jewelry is custom made, this may incur a minimal additional cost. If this should occur, please contact us here.\" \/>\n<meta property=\"og:url\" content=\"https:\/\/luizajewels.com\/en\/product\/rustic-egyedi-asvanyos\/\" \/>\n<meta property=\"og:site_name\" content=\"LUIZA jewels\" \/>\n<meta property=\"article:modified_time\" content=\"2025-10-23T19:13:17+00:00\" \/>\n<meta property=\"og:image\" content=\"https:\/\/luizajewels.com\/wp-content\/uploads\/2022\/11\/rusztik_ametiszt-e1722438683796.jpg\" \/>\n\t<meta property=\"og:image:width\" content=\"1273\" \/>\n\t<meta property=\"og:image:height\" content=\"1536\" \/>\n\t<meta property=\"og:image:type\" content=\"image\/jpeg\" \/>\n<meta name=\"twitter:card\" content=\"summary_large_image\" \/>\n<meta name=\"twitter:label1\" content=\"Est. reading time\" \/>\n\t<meta name=\"twitter:data1\" content=\"1 minute\" \/>\n<script type=\"application\/ld+json\" class=\"yoast-schema-graph\">{\"@context\":\"https:\\\/\\\/schema.org\",\"@graph\":[{\"@type\":\"WebPage\",\"@id\":\"https:\\\/\\\/luizajewels.com\\\/en\\\/product\\\/rustic-egyedi-asvanyos\\\/\",\"url\":\"https:\\\/\\\/luizajewels.com\\\/en\\\/product\\\/rustic-egyedi-asvanyos\\\/\",\"name\":\"RUSTIC custom crystal ring - LUIZA jewels\",\"isPartOf\":{\"@id\":\"https:\\\/\\\/luizajewels.com\\\/en\\\/#website\"},\"primaryImageOfPage\":{\"@id\":\"https:\\\/\\\/luizajewels.com\\\/en\\\/product\\\/rustic-egyedi-asvanyos\\\/#primaryimage\"},\"image\":{\"@id\":\"https:\\\/\\\/luizajewels.com\\\/en\\\/product\\\/rustic-egyedi-asvanyos\\\/#primaryimage\"},\"thumbnailUrl\":\"https:\\\/\\\/luizajewels.com\\\/wp-content\\\/uploads\\\/2022\\\/11\\\/rusztik_ametiszt-e1722438683796.jpg\",\"datePublished\":\"2022-11-11T14:26:58+00:00\",\"dateModified\":\"2025-10-23T19:13:17+00:00\",\"breadcrumb\":{\"@id\":\"https:\\\/\\\/luizajewels.com\\\/en\\\/product\\\/rustic-egyedi-asvanyos\\\/#breadcrumb\"},\"inLanguage\":\"en-US\",\"potentialAction\":[{\"@type\":\"ReadAction\",\"target\":[\"https:\\\/\\\/luizajewels.com\\\/en\\\/product\\\/rustic-egyedi-asvanyos\\\/\"]}]},{\"@type\":\"ImageObject\",\"inLanguage\":\"en-US\",\"@id\":\"https:\\\/\\\/luizajewels.com\\\/en\\\/product\\\/rustic-egyedi-asvanyos\\\/#primaryimage\",\"url\":\"https:\\\/\\\/luizajewels.com\\\/wp-content\\\/uploads\\\/2022\\\/11\\\/rusztik_ametiszt-e1722438683796.jpg\",\"contentUrl\":\"https:\\\/\\\/luizajewels.com\\\/wp-content\\\/uploads\\\/2022\\\/11\\\/rusztik_ametiszt-e1722438683796.jpg\",\"width\":1273,\"height\":1536},{\"@type\":\"BreadcrumbList\",\"@id\":\"https:\\\/\\\/luizajewels.com\\\/en\\\/product\\\/rustic-egyedi-asvanyos\\\/#breadcrumb\",\"itemListElement\":[{\"@type\":\"ListItem\",\"position\":1,\"name\":\"Home\",\"item\":\"https:\\\/\\\/luizajewels.com\\\/en\\\/\"},{\"@type\":\"ListItem\",\"position\":2,\"name\":\"Shop\",\"item\":\"https:\\\/\\\/luizajewels.com\\\/en\\\/shop\\\/\"},{\"@type\":\"ListItem\",\"position\":3,\"name\":\"RUSTIC custom crystal ring\"}]},{\"@type\":\"WebSite\",\"@id\":\"https:\\\/\\\/luizajewels.com\\\/en\\\/#website\",\"url\":\"https:\\\/\\\/luizajewels.com\\\/en\\\/\",\"name\":\"LUIZA jewels\",\"description\":\"Crystal jewelry\",\"potentialAction\":[{\"@type\":\"SearchAction\",\"target\":{\"@type\":\"EntryPoint\",\"urlTemplate\":\"https:\\\/\\\/luizajewels.com\\\/en\\\/?s={search_term_string}\"},\"query-input\":{\"@type\":\"PropertyValueSpecification\",\"valueRequired\":true,\"valueName\":\"search_term_string\"}}],\"inLanguage\":\"en-US\"}]}<\/script>\n<!-- \/ Yoast SEO plugin. -->","yoast_head_json":{"title":"RUSTIC custom crystal ring - LUIZA jewels","robots":{"index":"index","follow":"follow","max-snippet":"max-snippet:-1","max-image-preview":"max-image-preview:large","max-video-preview":"max-video-preview:-1"},"canonical":"https:\/\/luizajewels.com\/en\/product\/rustic-egyedi-asvanyos\/","og_locale":"en_US","og_type":"article","og_title":"RUSTIC custom crystal ring - LUIZA jewels","og_description":"K\u00e9zzel k\u00e9sz\u00fclt, rusztikus \u00e9kszer v\u00e1laszthat\u00f3 \u00e1sv\u00e1nnyal. Details:  Delivery time: 2-4 weeks  Material: silver - yellow gold plated silver - rose gold plated silver - 14k white gold - 14k yellow gold - 14k rose gold  Finish: polished  Optional crystals: aquamarine, amethyst, peridot, garnet, citrine, rose quartz, clear crystal, smoky quartz, black tourmaline, carnelian Briefly about crystals:  aquamarine: courage, wealth, communication  amethyst: focus, harmony, intuition  peridot: clarity, independence, self-confidence  garnet: life energy, willpower, sexuality  citrine: abundance, optimism, zest for life  rose quartz: love, openness, empathy  clear crystal: transparency, harmony, wisdom  smoky quartz: stability, stress relief, protection against negative energies  black tourmaline: protection, communication, vitality  carnelian: fertility, energy, courage, creativity According to the horoscope:  Aquarius: amethyst  Pisces: aquamarine  Aries: garnet  Taurus: rose quartz  Gemini: citrine  Cancer: rose quartz  Leo: peridot  Virgo: clear crystal  Libra: smoky quartz  Scorpio: black tourmaline  Sagittarius: amethyst  Capricorn: garnet Each raw crystal is unique, so the one in the jewelry you order may differ from the one in the picture. If there is a size problem, we can resize the rings, but as all our jewelry is custom made, this may incur a minimal additional cost. If this should occur, please contact us here.","og_url":"https:\/\/luizajewels.com\/en\/product\/rustic-egyedi-asvanyos\/","og_site_name":"LUIZA jewels","article_modified_time":"2025-10-23T19:13:17+00:00","og_image":[{"width":1273,"height":1536,"url":"https:\/\/luizajewels.com\/wp-content\/uploads\/2022\/11\/rusztik_ametiszt-e1722438683796.jpg","type":"image\/jpeg"}],"twitter_card":"summary_large_image","twitter_misc":{"Est. reading time":"1 minute"},"schema":{"@context":"https:\/\/schema.org","@graph":[{"@type":"WebPage","@id":"https:\/\/luizajewels.com\/en\/product\/rustic-egyedi-asvanyos\/","url":"https:\/\/luizajewels.com\/en\/product\/rustic-egyedi-asvanyos\/","name":"RUSTIC custom crystal ring - LUIZA jewels","isPartOf":{"@id":"https:\/\/luizajewels.com\/en\/#website"},"primaryImageOfPage":{"@id":"https:\/\/luizajewels.com\/en\/product\/rustic-egyedi-asvanyos\/#primaryimage"},"image":{"@id":"https:\/\/luizajewels.com\/en\/product\/rustic-egyedi-asvanyos\/#primaryimage"},"thumbnailUrl":"https:\/\/luizajewels.com\/wp-content\/uploads\/2022\/11\/rusztik_ametiszt-e1722438683796.jpg","datePublished":"2022-11-11T14:26:58+00:00","dateModified":"2025-10-23T19:13:17+00:00","breadcrumb":{"@id":"https:\/\/luizajewels.com\/en\/product\/rustic-egyedi-asvanyos\/#breadcrumb"},"inLanguage":"en-US","potentialAction":[{"@type":"ReadAction","target":["https:\/\/luizajewels.com\/en\/product\/rustic-egyedi-asvanyos\/"]}]},{"@type":"ImageObject","inLanguage":"en-US","@id":"https:\/\/luizajewels.com\/en\/product\/rustic-egyedi-asvanyos\/#primaryimage","url":"https:\/\/luizajewels.com\/wp-content\/uploads\/2022\/11\/rusztik_ametiszt-e1722438683796.jpg","contentUrl":"https:\/\/luizajewels.com\/wp-content\/uploads\/2022\/11\/rusztik_ametiszt-e1722438683796.jpg","width":1273,"height":1536},{"@type":"BreadcrumbList","@id":"https:\/\/luizajewels.com\/en\/product\/rustic-egyedi-asvanyos\/#breadcrumb","itemListElement":[{"@type":"ListItem","position":1,"name":"Home","item":"https:\/\/luizajewels.com\/en\/"},{"@type":"ListItem","position":2,"name":"Shop","item":"https:\/\/luizajewels.com\/en\/shop\/"},{"@type":"ListItem","position":3,"name":"RUSTIC custom crystal ring"}]},{"@type":"WebSite","@id":"https:\/\/luizajewels.com\/en\/#website","url":"https:\/\/luizajewels.com\/en\/","name":"LUIZA jewels","description":"Crystal jewelry","potentialAction":[{"@type":"SearchAction","target":{"@type":"EntryPoint","urlTemplate":"https:\/\/luizajewels.com\/en\/?s={search_term_string}"},"query-input":{"@type":"PropertyValueSpecification","valueRequired":true,"valueName":"search_term_string"}}],"inLanguage":"en-US"}]}},"_links":{"self":[{"href":"https:\/\/luizajewels.com\/en\/wp-json\/wp\/v2\/product\/8998","targetHints":{"allow":["GET"]}}],"collection":[{"href":"https:\/\/luizajewels.com\/en\/wp-json\/wp\/v2\/product"}],"about":[{"href":"https:\/\/luizajewels.com\/en\/wp-json\/wp\/v2\/types\/product"}],"wp:featuredmedia":[{"embeddable":true,"href":"https:\/\/luizajewels.com\/en\/wp-json\/wp\/v2\/media\/7625"}],"wp:attachment":[{"href":"https:\/\/luizajewels.com\/en\/wp-json\/wp\/v2\/media?parent=8998"}],"wp:term":[{"taxonomy":"product_brand","embeddable":true,"href":"https:\/\/luizajewels.com\/en\/wp-json\/wp\/v2\/product_brand?post=8998"},{"taxonomy":"product_cat","embeddable":true,"href":"https:\/\/luizajewels.com\/en\/wp-json\/wp\/v2\/product_cat?post=8998"},{"taxonomy":"product_tag","embeddable":true,"href":"https:\/\/luizajewels.com\/en\/wp-json\/wp\/v2\/product_tag?post=8998"}],"curies":[{"name":"wp","href":"https:\/\/api.w.org\/{rel}","templated":true}]}}