{"id":8915,"date":"2023-08-16T20:34:13","date_gmt":"2023-08-16T20:34:13","guid":{"rendered":"https:\/\/luizajewels.com\/product\/luiza-travel-kit\/"},"modified":"2026-03-23T13:48:12","modified_gmt":"2026-03-23T13:48:12","slug":"luiza-travel-kit","status":"publish","type":"product","link":"https:\/\/luizajewels.com\/en\/product\/luiza-travel-kit\/","title":{"rendered":"LUIZA travel kit"},"content":{"rendered":"","protected":false},"excerpt":{"rendered":"<p>Microfiber anyag\u00fa \u00e9kszertart\u00f3, ami seg\u00edt az utaz\u00e1sok sor\u00e1n is rendszerezetten tartani az \u00f6sszes \u00e9kszered.<br \/>\nFinom anyag\u00e1nak k\u00f6sz\u00f6nhet\u0151en nem karcolja az \u00e9kszereket, \u00edgy ak\u00e1r a b\u0151r\u00f6nd m\u00e9ly\u00e9n is biztons\u00e1gban tudhatod \u0151ket.<\/p>\n<p>M\u00e9rete nyitva: 18&#215;38 cm<br \/>\nM\u00e9rete z\u00e1rva: 18&#215;8 cm<\/p>\n<p>R\u00e9szei:<\/p>\n<ul>\n<li>2 db elv\u00e1laszthat\u00f3 gy\u0171r\u0171tart\u00f3<\/li>\n<li>16 db f\u00fclbeval\u00f3 tart\u00f3<\/li>\n<li>4 db kark\u00f6t\u0151 \/ nyakl\u00e1nc tart\u00f3<\/li>\n<li>2 db zseb<\/li>\n<\/ul>\n<p>Szuper limit\u00e1lt sz\u00e1mban el\u00e9rhet\u0151!<\/p>\n","protected":false},"featured_media":7769,"template":"","meta":{"_acf_changed":false,"rs_blank_template":"","rs_page_bg_color":"","slide_template_v7":"","_monsterinsights_skip_tracking":false,"_monsterinsights_sitenote_active":false,"_monsterinsights_sitenote_note":"","_monsterinsights_sitenote_category":0},"product_brand":[],"product_cat":[86,87],"product_tag":[],"class_list":{"0":"post-8915","1":"product","2":"type-product","3":"status-publish","4":"has-post-thumbnail","6":"product_cat-asvanyok-en","7":"product_cat-gyertyak-en","10":"first","11":"instock","12":"shipping-taxable","13":"purchasable","14":"product-type-simple"},"acf":[],"yoast_head":"<!-- This site is optimized with the Yoast SEO plugin v27.6 - https:\/\/yoast.com\/product\/yoast-seo-wordpress\/ -->\n<title>LUIZA travel kit - LUIZA jewels<\/title>\n<meta name=\"robots\" content=\"index, follow, max-snippet:-1, max-image-preview:large, max-video-preview:-1\" \/>\n<link rel=\"canonical\" href=\"https:\/\/luizajewels.com\/en\/product\/luiza-travel-kit\/\" \/>\n<meta property=\"og:locale\" content=\"en_US\" \/>\n<meta property=\"og:type\" content=\"article\" \/>\n<meta property=\"og:title\" content=\"LUIZA travel kit - LUIZA jewels\" \/>\n<meta property=\"og:description\" content=\"Microfiber anyag\u00fa \u00e9kszertart\u00f3, ami seg\u00edt az utaz\u00e1sok sor\u00e1n is rendszerezetten tartani az \u00f6sszes \u00e9kszered. Finom anyag\u00e1nak k\u00f6sz\u00f6nhet\u0151en nem karcolja az \u00e9kszereket, \u00edgy ak\u00e1r a b\u0151r\u00f6nd m\u00e9ly\u00e9n is biztons\u00e1gban tudhatod \u0151ket.  M\u00e9rete nyitva: 18x38 cm M\u00e9rete z\u00e1rva: 18x8 cm  R\u00e9szei:   2 db elv\u00e1laszthat\u00f3 gy\u0171r\u0171tart\u00f3  16 db f\u00fclbeval\u00f3 tart\u00f3  4 db kark\u00f6t\u0151 \/ nyakl\u00e1nc tart\u00f3  2 db zseb  Szuper limit\u00e1lt sz\u00e1mban el\u00e9rhet\u0151!\" \/>\n<meta property=\"og:url\" content=\"https:\/\/luizajewels.com\/en\/product\/luiza-travel-kit\/\" \/>\n<meta property=\"og:site_name\" content=\"LUIZA jewels\" \/>\n<meta property=\"article:modified_time\" content=\"2026-03-23T13:48:12+00:00\" \/>\n<meta property=\"og:image\" content=\"https:\/\/luizajewels.com\/wp-content\/uploads\/2023\/08\/Tezza-9735-scaled.jpg\" \/>\n\t<meta property=\"og:image:width\" content=\"1920\" \/>\n\t<meta property=\"og:image:height\" content=\"2560\" \/>\n\t<meta property=\"og:image:type\" content=\"image\/jpeg\" \/>\n<meta name=\"twitter:card\" content=\"summary_large_image\" \/>\n<script type=\"application\/ld+json\" class=\"yoast-schema-graph\">{\"@context\":\"https:\\\/\\\/schema.org\",\"@graph\":[{\"@type\":\"WebPage\",\"@id\":\"https:\\\/\\\/luizajewels.com\\\/en\\\/product\\\/luiza-travel-kit\\\/\",\"url\":\"https:\\\/\\\/luizajewels.com\\\/en\\\/product\\\/luiza-travel-kit\\\/\",\"name\":\"LUIZA travel kit - LUIZA jewels\",\"isPartOf\":{\"@id\":\"https:\\\/\\\/luizajewels.com\\\/en\\\/#website\"},\"primaryImageOfPage\":{\"@id\":\"https:\\\/\\\/luizajewels.com\\\/en\\\/product\\\/luiza-travel-kit\\\/#primaryimage\"},\"image\":{\"@id\":\"https:\\\/\\\/luizajewels.com\\\/en\\\/product\\\/luiza-travel-kit\\\/#primaryimage\"},\"thumbnailUrl\":\"https:\\\/\\\/luizajewels.com\\\/wp-content\\\/uploads\\\/2023\\\/08\\\/Tezza-9735-scaled.jpg\",\"datePublished\":\"2023-08-16T20:34:13+00:00\",\"dateModified\":\"2026-03-23T13:48:12+00:00\",\"breadcrumb\":{\"@id\":\"https:\\\/\\\/luizajewels.com\\\/en\\\/product\\\/luiza-travel-kit\\\/#breadcrumb\"},\"inLanguage\":\"en-US\",\"potentialAction\":[{\"@type\":\"ReadAction\",\"target\":[\"https:\\\/\\\/luizajewels.com\\\/en\\\/product\\\/luiza-travel-kit\\\/\"]}]},{\"@type\":\"ImageObject\",\"inLanguage\":\"en-US\",\"@id\":\"https:\\\/\\\/luizajewels.com\\\/en\\\/product\\\/luiza-travel-kit\\\/#primaryimage\",\"url\":\"https:\\\/\\\/luizajewels.com\\\/wp-content\\\/uploads\\\/2023\\\/08\\\/Tezza-9735-scaled.jpg\",\"contentUrl\":\"https:\\\/\\\/luizajewels.com\\\/wp-content\\\/uploads\\\/2023\\\/08\\\/Tezza-9735-scaled.jpg\",\"width\":1920,\"height\":2560},{\"@type\":\"BreadcrumbList\",\"@id\":\"https:\\\/\\\/luizajewels.com\\\/en\\\/product\\\/luiza-travel-kit\\\/#breadcrumb\",\"itemListElement\":[{\"@type\":\"ListItem\",\"position\":1,\"name\":\"Home\",\"item\":\"https:\\\/\\\/luizajewels.com\\\/en\\\/\"},{\"@type\":\"ListItem\",\"position\":2,\"name\":\"Shop\",\"item\":\"https:\\\/\\\/luizajewels.com\\\/en\\\/shop\\\/\"},{\"@type\":\"ListItem\",\"position\":3,\"name\":\"LUIZA travel kit\"}]},{\"@type\":\"WebSite\",\"@id\":\"https:\\\/\\\/luizajewels.com\\\/en\\\/#website\",\"url\":\"https:\\\/\\\/luizajewels.com\\\/en\\\/\",\"name\":\"LUIZA jewels\",\"description\":\"Crystal jewelry\",\"potentialAction\":[{\"@type\":\"SearchAction\",\"target\":{\"@type\":\"EntryPoint\",\"urlTemplate\":\"https:\\\/\\\/luizajewels.com\\\/en\\\/?s={search_term_string}\"},\"query-input\":{\"@type\":\"PropertyValueSpecification\",\"valueRequired\":true,\"valueName\":\"search_term_string\"}}],\"inLanguage\":\"en-US\"}]}<\/script>\n<!-- \/ Yoast SEO plugin. -->","yoast_head_json":{"title":"LUIZA travel kit - LUIZA jewels","robots":{"index":"index","follow":"follow","max-snippet":"max-snippet:-1","max-image-preview":"max-image-preview:large","max-video-preview":"max-video-preview:-1"},"canonical":"https:\/\/luizajewels.com\/en\/product\/luiza-travel-kit\/","og_locale":"en_US","og_type":"article","og_title":"LUIZA travel kit - LUIZA jewels","og_description":"Microfiber anyag\u00fa \u00e9kszertart\u00f3, ami seg\u00edt az utaz\u00e1sok sor\u00e1n is rendszerezetten tartani az \u00f6sszes \u00e9kszered. Finom anyag\u00e1nak k\u00f6sz\u00f6nhet\u0151en nem karcolja az \u00e9kszereket, \u00edgy ak\u00e1r a b\u0151r\u00f6nd m\u00e9ly\u00e9n is biztons\u00e1gban tudhatod \u0151ket.  M\u00e9rete nyitva: 18x38 cm M\u00e9rete z\u00e1rva: 18x8 cm  R\u00e9szei:   2 db elv\u00e1laszthat\u00f3 gy\u0171r\u0171tart\u00f3  16 db f\u00fclbeval\u00f3 tart\u00f3  4 db kark\u00f6t\u0151 \/ nyakl\u00e1nc tart\u00f3  2 db zseb  Szuper limit\u00e1lt sz\u00e1mban el\u00e9rhet\u0151!","og_url":"https:\/\/luizajewels.com\/en\/product\/luiza-travel-kit\/","og_site_name":"LUIZA jewels","article_modified_time":"2026-03-23T13:48:12+00:00","og_image":[{"width":1920,"height":2560,"url":"https:\/\/luizajewels.com\/wp-content\/uploads\/2023\/08\/Tezza-9735-scaled.jpg","type":"image\/jpeg"}],"twitter_card":"summary_large_image","schema":{"@context":"https:\/\/schema.org","@graph":[{"@type":"WebPage","@id":"https:\/\/luizajewels.com\/en\/product\/luiza-travel-kit\/","url":"https:\/\/luizajewels.com\/en\/product\/luiza-travel-kit\/","name":"LUIZA travel kit - LUIZA jewels","isPartOf":{"@id":"https:\/\/luizajewels.com\/en\/#website"},"primaryImageOfPage":{"@id":"https:\/\/luizajewels.com\/en\/product\/luiza-travel-kit\/#primaryimage"},"image":{"@id":"https:\/\/luizajewels.com\/en\/product\/luiza-travel-kit\/#primaryimage"},"thumbnailUrl":"https:\/\/luizajewels.com\/wp-content\/uploads\/2023\/08\/Tezza-9735-scaled.jpg","datePublished":"2023-08-16T20:34:13+00:00","dateModified":"2026-03-23T13:48:12+00:00","breadcrumb":{"@id":"https:\/\/luizajewels.com\/en\/product\/luiza-travel-kit\/#breadcrumb"},"inLanguage":"en-US","potentialAction":[{"@type":"ReadAction","target":["https:\/\/luizajewels.com\/en\/product\/luiza-travel-kit\/"]}]},{"@type":"ImageObject","inLanguage":"en-US","@id":"https:\/\/luizajewels.com\/en\/product\/luiza-travel-kit\/#primaryimage","url":"https:\/\/luizajewels.com\/wp-content\/uploads\/2023\/08\/Tezza-9735-scaled.jpg","contentUrl":"https:\/\/luizajewels.com\/wp-content\/uploads\/2023\/08\/Tezza-9735-scaled.jpg","width":1920,"height":2560},{"@type":"BreadcrumbList","@id":"https:\/\/luizajewels.com\/en\/product\/luiza-travel-kit\/#breadcrumb","itemListElement":[{"@type":"ListItem","position":1,"name":"Home","item":"https:\/\/luizajewels.com\/en\/"},{"@type":"ListItem","position":2,"name":"Shop","item":"https:\/\/luizajewels.com\/en\/shop\/"},{"@type":"ListItem","position":3,"name":"LUIZA travel kit"}]},{"@type":"WebSite","@id":"https:\/\/luizajewels.com\/en\/#website","url":"https:\/\/luizajewels.com\/en\/","name":"LUIZA jewels","description":"Crystal jewelry","potentialAction":[{"@type":"SearchAction","target":{"@type":"EntryPoint","urlTemplate":"https:\/\/luizajewels.com\/en\/?s={search_term_string}"},"query-input":{"@type":"PropertyValueSpecification","valueRequired":true,"valueName":"search_term_string"}}],"inLanguage":"en-US"}]}},"_links":{"self":[{"href":"https:\/\/luizajewels.com\/en\/wp-json\/wp\/v2\/product\/8915","targetHints":{"allow":["GET"]}}],"collection":[{"href":"https:\/\/luizajewels.com\/en\/wp-json\/wp\/v2\/product"}],"about":[{"href":"https:\/\/luizajewels.com\/en\/wp-json\/wp\/v2\/types\/product"}],"wp:featuredmedia":[{"embeddable":true,"href":"https:\/\/luizajewels.com\/en\/wp-json\/wp\/v2\/media\/7769"}],"wp:attachment":[{"href":"https:\/\/luizajewels.com\/en\/wp-json\/wp\/v2\/media?parent=8915"}],"wp:term":[{"taxonomy":"product_brand","embeddable":true,"href":"https:\/\/luizajewels.com\/en\/wp-json\/wp\/v2\/product_brand?post=8915"},{"taxonomy":"product_cat","embeddable":true,"href":"https:\/\/luizajewels.com\/en\/wp-json\/wp\/v2\/product_cat?post=8915"},{"taxonomy":"product_tag","embeddable":true,"href":"https:\/\/luizajewels.com\/en\/wp-json\/wp\/v2\/product_tag?post=8915"}],"curies":[{"name":"wp","href":"https:\/\/api.w.org\/{rel}","templated":true}]}}