{"id":10939,"date":"2026-03-02T12:47:15","date_gmt":"2026-03-02T12:47:15","guid":{"rendered":"https:\/\/luizajewels.com\/?post_type=product&#038;p=10939"},"modified":"2026-04-08T07:57:43","modified_gmt":"2026-04-08T07:57:43","slug":"luiza-wax-lab-workshop","status":"publish","type":"product","link":"https:\/\/luizajewels.com\/en\/product\/luiza-wax-lab-workshop\/","title":{"rendered":"LUIZA WAX LAB workshop"},"content":{"rendered":"","protected":false},"excerpt":{"rendered":"<p>LUIZA WAX LAB<br \/>\nMelt it. Shape it. Wear it.<\/p>\n<p class=\"p1\"><span class=\"s1\">Viaszveszejt\u00e9ses \u00e9kszerk\u00e9sz\u00edt\u0151 workshop &#8211; 2026.04.25. 10:00 &#8211; BOGA showroom<\/span><\/p>\n<p class=\"p1\"><span class=\"s2\">Fedezd fel a viaszveszejt\u00e9ses \u00f6nt\u00e9s technik\u00e1j\u00e1t, amivel a legt\u00f6bb LUIZA jewels \u00e9kszer is k\u00e9sz\u00fcl! A limit\u00e1lt l\u00e9tsz\u00e1m\u00fa workshopon saj\u00e1t, viaszb\u00f3l form\u00e1zott \u00e9kszert k\u00e9sz\u00edthetsz, amit a m\u0171hely\u00fcnkben 925-\u00f6s Sterling ez\u00fcstb\u0151l \u00f6nt\u00fcnk, kidolgozunk \u00e9s f\u00e9mjelz\u00fcnk, \u00edgy v\u00e9g\u00fcl egy \u00e1ltalad form\u00e1zott, egyedi \u00e9kszert kapsz k\u00e9zhez.<\/span><\/p>\n<p class=\"p1\"><span class=\"s1\">A workshop tartalma:<\/span><\/p>\n<ul>\n<li>\n<p class=\"p1\"><span class=\"s1\">R\u00f6vid bevezet\u0151 a viaszveszejt\u00e9ses \u00f6nt\u00e9s folyamat\u00e1ba<\/span><\/p>\n<\/li>\n<li>\n<p class=\"p1\"><span class=\"s1\">Tervez\u00e9si alapok, formai lehet\u0151s\u00e9gek \u00e1ttekint\u00e9se<\/span><\/p>\n<\/li>\n<li>\n<p class=\"p1\"><span class=\"s1\">Saj\u00e1t \u00e9kszer megmint\u00e1z\u00e1sa speci\u00e1lis \u00e9kszerviaszb\u00f3l<\/span><\/p>\n<\/li>\n<li>\n<p class=\"p1\"><span class=\"s1\">Szakmai seg\u00edts\u00e9g a teljes alkot\u00e1si folyamat alatt<\/span><\/p>\n<\/li>\n<li>\n<p class=\"p1\"><span class=\"s1\">A k\u00e9sz darab 925-\u00f6s Sterling ez\u00fcstbe \u00f6nt\u00e9se, kidolgoz\u00e1sa a m\u0171helyben (a darabok elk\u00e9sz\u00fcl\u00e9se a workshopt\u00f3l sz\u00e1m\u00edtott kb. 2-3 h\u00e9t)<\/span><\/p>\n<\/li>\n<li>\n<p class=\"p1\"><span class=\"s1\">Az elk\u00e9sz\u00fclt, f\u00e9mjelzett \u00e9kszer \u00e1tad\u00e1sa d\u00edszcsomagol\u00e1sban<\/span><\/p>\n<\/li>\n<\/ul>\n<p class=\"p1\"><span class=\"s1\">Id\u0151tartam:<\/span><span class=\"s2\"> kb. 3 \u00f3ra<\/span><\/p>\n<p>Helysz\u00edn: BOGA showroom (1111, Budapest, Bercs\u00e9nyi utca 4.)<\/p>\n<p class=\"p1\"><span class=\"s1\">R\u00e9szv\u00e9teli d\u00edj:<\/span><span class=\"s2\"> 50 000 Ft\/f\u0151<\/span><\/p>\n<p>L\u00e9tsz\u00e1m: max. 4 f\u0151 (szuper limit\u00e1lt!!)<\/p>\n<p class=\"p1\"><span class=\"s2\">Az \u00e1r 10 gramm ez\u00fcst\u00f6t tartalmaz, ami pl. egy pecs\u00e9tgy\u0171r\u0171nek, l\u00e1tv\u00e1nyos m\u00e9ret\u0171 gy\u0171r\u0171nek felel meg. Amennyiben a k\u00e9sz \u00e9kszer s\u00falya ezt meghaladja, tov\u00e1bbi ez\u00fcst felhaszn\u00e1l\u00e1s\u00e1ra 2 000 Ft\/gramm \u00e1ron van lehet\u0151s\u00e9g. Az elk\u00e9sz\u00fclt \u00e9kszert s\u00e1rga- vagy v\u00f6r\u00f6s aranyozni is lehets\u00e9ges.<\/span><\/p>\n<p class=\"p1\"><span class=\"s2\">Jelentkez\u00e9s: e-mailben (hello@luizajewels.com) vagy Instagram (@luiza.jewels) priv\u00e1t \u00fczenetben.<br \/>\nA jelentkez\u00e9s a r\u00e9szv\u00e9teli d\u00edj befizet\u00e9s\u00e9vel v\u00e1lik v\u00e9glegess\u00e9.<\/span><\/p>\n<p>A workshopr\u00f3l aj\u00e1nd\u00e9kutalv\u00e1nyt is ki tudunk \u00e1ll\u00edtani.<\/p>\n<p>A k\u00f6vetkez\u0151 workshop d\u00e1tuma: 2026.04.25. 10:00<\/p>\n<p>&nbsp;<\/p>\n<p>&nbsp;<\/p>\n<p>&nbsp;<\/p>\n<p>&#8211;<\/p>\n","protected":false},"featured_media":10942,"template":"","meta":{"_acf_changed":false,"rs_blank_template":"","rs_page_bg_color":"","slide_template_v7":"","_monsterinsights_skip_tracking":false,"_monsterinsights_sitenote_active":false,"_monsterinsights_sitenote_note":"","_monsterinsights_sitenote_category":0},"product_brand":[],"product_cat":[32,37],"product_tag":[],"class_list":{"0":"post-10939","1":"product","2":"type-product","3":"status-publish","4":"has-post-thumbnail","6":"product_cat-asvanyok","7":"product_cat-gyertyak","10":"first","11":"instock","12":"shipping-taxable","13":"product-type-simple"},"acf":[],"yoast_head":"<!-- This site is optimized with the Yoast SEO plugin v27.6 - https:\/\/yoast.com\/product\/yoast-seo-wordpress\/ -->\n<title>LUIZA WAX LAB workshop - LUIZA jewels<\/title>\n<meta name=\"robots\" content=\"index, follow, max-snippet:-1, max-image-preview:large, max-video-preview:-1\" \/>\n<link rel=\"canonical\" href=\"https:\/\/luizajewels.com\/en\/product\/luiza-wax-lab-workshop\/\" \/>\n<meta property=\"og:locale\" content=\"en_US\" \/>\n<meta property=\"og:type\" content=\"article\" \/>\n<meta property=\"og:title\" content=\"LUIZA WAX LAB workshop - LUIZA jewels\" \/>\n<meta property=\"og:description\" content=\"LUIZA WAX LAB Melt it. Shape it. Wear it. Viaszveszejt\u00e9ses \u00e9kszerk\u00e9sz\u00edt\u0151 workshop - 2026.04.25. 10:00 - BOGA showroom Fedezd fel a viaszveszejt\u00e9ses \u00f6nt\u00e9s technik\u00e1j\u00e1t, amivel a legt\u00f6bb LUIZA jewels \u00e9kszer is k\u00e9sz\u00fcl! A limit\u00e1lt l\u00e9tsz\u00e1m\u00fa workshopon saj\u00e1t, viaszb\u00f3l form\u00e1zott \u00e9kszert k\u00e9sz\u00edthetsz, amit a m\u0171hely\u00fcnkben 925-\u00f6s Sterling ez\u00fcstb\u0151l \u00f6nt\u00fcnk, kidolgozunk \u00e9s f\u00e9mjelz\u00fcnk, \u00edgy v\u00e9g\u00fcl egy \u00e1ltalad form\u00e1zott, egyedi \u00e9kszert kapsz k\u00e9zhez. A workshop tartalma:     R\u00f6vid bevezet\u0151 a viaszveszejt\u00e9ses \u00f6nt\u00e9s folyamat\u00e1ba    Tervez\u00e9si alapok, formai lehet\u0151s\u00e9gek \u00e1ttekint\u00e9se    Saj\u00e1t \u00e9kszer megmint\u00e1z\u00e1sa speci\u00e1lis \u00e9kszerviaszb\u00f3l    Szakmai seg\u00edts\u00e9g a teljes alkot\u00e1si folyamat alatt    A k\u00e9sz darab 925-\u00f6s Sterling ez\u00fcstbe \u00f6nt\u00e9se, kidolgoz\u00e1sa a m\u0171helyben (a darabok elk\u00e9sz\u00fcl\u00e9se a workshopt\u00f3l sz\u00e1m\u00edtott kb. 2-3 h\u00e9t)    Az elk\u00e9sz\u00fclt, f\u00e9mjelzett \u00e9kszer \u00e1tad\u00e1sa d\u00edszcsomagol\u00e1sban   Id\u0151tartam: kb. 3 \u00f3ra Helysz\u00edn: BOGA showroom (1111, Budapest, Bercs\u00e9nyi utca 4.) R\u00e9szv\u00e9teli d\u00edj: 50 000 Ft\/f\u0151 L\u00e9tsz\u00e1m: max. 4 f\u0151 (szuper limit\u00e1lt!!) Az \u00e1r 10 gramm ez\u00fcst\u00f6t tartalmaz, ami pl. egy pecs\u00e9tgy\u0171r\u0171nek, l\u00e1tv\u00e1nyos m\u00e9ret\u0171 gy\u0171r\u0171nek felel meg. Amennyiben a k\u00e9sz \u00e9kszer s\u00falya ezt meghaladja, tov\u00e1bbi ez\u00fcst felhaszn\u00e1l\u00e1s\u00e1ra 2 000 Ft\/gramm \u00e1ron van lehet\u0151s\u00e9g. Az elk\u00e9sz\u00fclt \u00e9kszert s\u00e1rga- vagy v\u00f6r\u00f6s aranyozni is lehets\u00e9ges. Jelentkez\u00e9s: e-mailben (hello@luizajewels.com) vagy Instagram (@luiza.jewels) priv\u00e1t \u00fczenetben. A jelentkez\u00e9s a r\u00e9szv\u00e9teli d\u00edj befizet\u00e9s\u00e9vel v\u00e1lik v\u00e9glegess\u00e9. A workshopr\u00f3l aj\u00e1nd\u00e9kutalv\u00e1nyt is ki tudunk \u00e1ll\u00edtani.  A k\u00f6vetkez\u0151 workshop d\u00e1tuma: 2026.04.25. 10:00  &nbsp;  &nbsp;  &nbsp;  -\" \/>\n<meta property=\"og:url\" content=\"https:\/\/luizajewels.com\/en\/product\/luiza-wax-lab-workshop\/\" \/>\n<meta property=\"og:site_name\" content=\"LUIZA jewels\" \/>\n<meta property=\"article:modified_time\" content=\"2026-04-08T07:57:43+00:00\" \/>\n<meta property=\"og:image\" content=\"https:\/\/luizajewels.com\/wp-content\/uploads\/2026\/03\/page0.jpg\" \/>\n\t<meta property=\"og:image:width\" content=\"1080\" \/>\n\t<meta property=\"og:image:height\" content=\"1350\" \/>\n\t<meta property=\"og:image:type\" content=\"image\/jpeg\" \/>\n<meta name=\"twitter:card\" content=\"summary_large_image\" \/>\n<meta name=\"twitter:label1\" content=\"Est. reading time\" \/>\n\t<meta name=\"twitter:data1\" content=\"1 minute\" \/>\n<script type=\"application\/ld+json\" class=\"yoast-schema-graph\">{\"@context\":\"https:\\\/\\\/schema.org\",\"@graph\":[{\"@type\":\"WebPage\",\"@id\":\"https:\\\/\\\/luizajewels.com\\\/en\\\/product\\\/luiza-wax-lab-workshop\\\/\",\"url\":\"https:\\\/\\\/luizajewels.com\\\/en\\\/product\\\/luiza-wax-lab-workshop\\\/\",\"name\":\"LUIZA WAX LAB workshop - LUIZA jewels\",\"isPartOf\":{\"@id\":\"https:\\\/\\\/luizajewels.com\\\/en\\\/#website\"},\"primaryImageOfPage\":{\"@id\":\"https:\\\/\\\/luizajewels.com\\\/en\\\/product\\\/luiza-wax-lab-workshop\\\/#primaryimage\"},\"image\":{\"@id\":\"https:\\\/\\\/luizajewels.com\\\/en\\\/product\\\/luiza-wax-lab-workshop\\\/#primaryimage\"},\"thumbnailUrl\":\"https:\\\/\\\/luizajewels.com\\\/wp-content\\\/uploads\\\/2026\\\/03\\\/page0.jpg\",\"datePublished\":\"2026-03-02T12:47:15+00:00\",\"dateModified\":\"2026-04-08T07:57:43+00:00\",\"breadcrumb\":{\"@id\":\"https:\\\/\\\/luizajewels.com\\\/en\\\/product\\\/luiza-wax-lab-workshop\\\/#breadcrumb\"},\"inLanguage\":\"en-US\",\"potentialAction\":[{\"@type\":\"ReadAction\",\"target\":[\"https:\\\/\\\/luizajewels.com\\\/en\\\/product\\\/luiza-wax-lab-workshop\\\/\"]}]},{\"@type\":\"ImageObject\",\"inLanguage\":\"en-US\",\"@id\":\"https:\\\/\\\/luizajewels.com\\\/en\\\/product\\\/luiza-wax-lab-workshop\\\/#primaryimage\",\"url\":\"https:\\\/\\\/luizajewels.com\\\/wp-content\\\/uploads\\\/2026\\\/03\\\/page0.jpg\",\"contentUrl\":\"https:\\\/\\\/luizajewels.com\\\/wp-content\\\/uploads\\\/2026\\\/03\\\/page0.jpg\",\"width\":1080,\"height\":1350},{\"@type\":\"BreadcrumbList\",\"@id\":\"https:\\\/\\\/luizajewels.com\\\/en\\\/product\\\/luiza-wax-lab-workshop\\\/#breadcrumb\",\"itemListElement\":[{\"@type\":\"ListItem\",\"position\":1,\"name\":\"Home\",\"item\":\"https:\\\/\\\/luizajewels.com\\\/en\\\/\"},{\"@type\":\"ListItem\",\"position\":2,\"name\":\"Shop\",\"item\":\"https:\\\/\\\/luizajewels.com\\\/en\\\/shop\\\/\"},{\"@type\":\"ListItem\",\"position\":3,\"name\":\"LUIZA WAX LAB workshop\"}]},{\"@type\":\"WebSite\",\"@id\":\"https:\\\/\\\/luizajewels.com\\\/en\\\/#website\",\"url\":\"https:\\\/\\\/luizajewels.com\\\/en\\\/\",\"name\":\"LUIZA jewels\",\"description\":\"Crystal jewelry\",\"potentialAction\":[{\"@type\":\"SearchAction\",\"target\":{\"@type\":\"EntryPoint\",\"urlTemplate\":\"https:\\\/\\\/luizajewels.com\\\/en\\\/?s={search_term_string}\"},\"query-input\":{\"@type\":\"PropertyValueSpecification\",\"valueRequired\":true,\"valueName\":\"search_term_string\"}}],\"inLanguage\":\"en-US\"}]}<\/script>\n<!-- \/ Yoast SEO plugin. -->","yoast_head_json":{"title":"LUIZA WAX LAB workshop - LUIZA jewels","robots":{"index":"index","follow":"follow","max-snippet":"max-snippet:-1","max-image-preview":"max-image-preview:large","max-video-preview":"max-video-preview:-1"},"canonical":"https:\/\/luizajewels.com\/en\/product\/luiza-wax-lab-workshop\/","og_locale":"en_US","og_type":"article","og_title":"LUIZA WAX LAB workshop - LUIZA jewels","og_description":"LUIZA WAX LAB Melt it. Shape it. Wear it. Viaszveszejt\u00e9ses \u00e9kszerk\u00e9sz\u00edt\u0151 workshop - 2026.04.25. 10:00 - BOGA showroom Fedezd fel a viaszveszejt\u00e9ses \u00f6nt\u00e9s technik\u00e1j\u00e1t, amivel a legt\u00f6bb LUIZA jewels \u00e9kszer is k\u00e9sz\u00fcl! A limit\u00e1lt l\u00e9tsz\u00e1m\u00fa workshopon saj\u00e1t, viaszb\u00f3l form\u00e1zott \u00e9kszert k\u00e9sz\u00edthetsz, amit a m\u0171hely\u00fcnkben 925-\u00f6s Sterling ez\u00fcstb\u0151l \u00f6nt\u00fcnk, kidolgozunk \u00e9s f\u00e9mjelz\u00fcnk, \u00edgy v\u00e9g\u00fcl egy \u00e1ltalad form\u00e1zott, egyedi \u00e9kszert kapsz k\u00e9zhez. A workshop tartalma:     R\u00f6vid bevezet\u0151 a viaszveszejt\u00e9ses \u00f6nt\u00e9s folyamat\u00e1ba    Tervez\u00e9si alapok, formai lehet\u0151s\u00e9gek \u00e1ttekint\u00e9se    Saj\u00e1t \u00e9kszer megmint\u00e1z\u00e1sa speci\u00e1lis \u00e9kszerviaszb\u00f3l    Szakmai seg\u00edts\u00e9g a teljes alkot\u00e1si folyamat alatt    A k\u00e9sz darab 925-\u00f6s Sterling ez\u00fcstbe \u00f6nt\u00e9se, kidolgoz\u00e1sa a m\u0171helyben (a darabok elk\u00e9sz\u00fcl\u00e9se a workshopt\u00f3l sz\u00e1m\u00edtott kb. 2-3 h\u00e9t)    Az elk\u00e9sz\u00fclt, f\u00e9mjelzett \u00e9kszer \u00e1tad\u00e1sa d\u00edszcsomagol\u00e1sban   Id\u0151tartam: kb. 3 \u00f3ra Helysz\u00edn: BOGA showroom (1111, Budapest, Bercs\u00e9nyi utca 4.) R\u00e9szv\u00e9teli d\u00edj: 50 000 Ft\/f\u0151 L\u00e9tsz\u00e1m: max. 4 f\u0151 (szuper limit\u00e1lt!!) Az \u00e1r 10 gramm ez\u00fcst\u00f6t tartalmaz, ami pl. egy pecs\u00e9tgy\u0171r\u0171nek, l\u00e1tv\u00e1nyos m\u00e9ret\u0171 gy\u0171r\u0171nek felel meg. Amennyiben a k\u00e9sz \u00e9kszer s\u00falya ezt meghaladja, tov\u00e1bbi ez\u00fcst felhaszn\u00e1l\u00e1s\u00e1ra 2 000 Ft\/gramm \u00e1ron van lehet\u0151s\u00e9g. Az elk\u00e9sz\u00fclt \u00e9kszert s\u00e1rga- vagy v\u00f6r\u00f6s aranyozni is lehets\u00e9ges. Jelentkez\u00e9s: e-mailben (hello@luizajewels.com) vagy Instagram (@luiza.jewels) priv\u00e1t \u00fczenetben. A jelentkez\u00e9s a r\u00e9szv\u00e9teli d\u00edj befizet\u00e9s\u00e9vel v\u00e1lik v\u00e9glegess\u00e9. A workshopr\u00f3l aj\u00e1nd\u00e9kutalv\u00e1nyt is ki tudunk \u00e1ll\u00edtani.  A k\u00f6vetkez\u0151 workshop d\u00e1tuma: 2026.04.25. 10:00  &nbsp;  &nbsp;  &nbsp;  -","og_url":"https:\/\/luizajewels.com\/en\/product\/luiza-wax-lab-workshop\/","og_site_name":"LUIZA jewels","article_modified_time":"2026-04-08T07:57:43+00:00","og_image":[{"width":1080,"height":1350,"url":"https:\/\/luizajewels.com\/wp-content\/uploads\/2026\/03\/page0.jpg","type":"image\/jpeg"}],"twitter_card":"summary_large_image","twitter_misc":{"Est. reading time":"1 minute"},"schema":{"@context":"https:\/\/schema.org","@graph":[{"@type":"WebPage","@id":"https:\/\/luizajewels.com\/en\/product\/luiza-wax-lab-workshop\/","url":"https:\/\/luizajewels.com\/en\/product\/luiza-wax-lab-workshop\/","name":"LUIZA WAX LAB workshop - LUIZA jewels","isPartOf":{"@id":"https:\/\/luizajewels.com\/en\/#website"},"primaryImageOfPage":{"@id":"https:\/\/luizajewels.com\/en\/product\/luiza-wax-lab-workshop\/#primaryimage"},"image":{"@id":"https:\/\/luizajewels.com\/en\/product\/luiza-wax-lab-workshop\/#primaryimage"},"thumbnailUrl":"https:\/\/luizajewels.com\/wp-content\/uploads\/2026\/03\/page0.jpg","datePublished":"2026-03-02T12:47:15+00:00","dateModified":"2026-04-08T07:57:43+00:00","breadcrumb":{"@id":"https:\/\/luizajewels.com\/en\/product\/luiza-wax-lab-workshop\/#breadcrumb"},"inLanguage":"en-US","potentialAction":[{"@type":"ReadAction","target":["https:\/\/luizajewels.com\/en\/product\/luiza-wax-lab-workshop\/"]}]},{"@type":"ImageObject","inLanguage":"en-US","@id":"https:\/\/luizajewels.com\/en\/product\/luiza-wax-lab-workshop\/#primaryimage","url":"https:\/\/luizajewels.com\/wp-content\/uploads\/2026\/03\/page0.jpg","contentUrl":"https:\/\/luizajewels.com\/wp-content\/uploads\/2026\/03\/page0.jpg","width":1080,"height":1350},{"@type":"BreadcrumbList","@id":"https:\/\/luizajewels.com\/en\/product\/luiza-wax-lab-workshop\/#breadcrumb","itemListElement":[{"@type":"ListItem","position":1,"name":"Home","item":"https:\/\/luizajewels.com\/en\/"},{"@type":"ListItem","position":2,"name":"Shop","item":"https:\/\/luizajewels.com\/en\/shop\/"},{"@type":"ListItem","position":3,"name":"LUIZA WAX LAB workshop"}]},{"@type":"WebSite","@id":"https:\/\/luizajewels.com\/en\/#website","url":"https:\/\/luizajewels.com\/en\/","name":"LUIZA jewels","description":"Crystal jewelry","potentialAction":[{"@type":"SearchAction","target":{"@type":"EntryPoint","urlTemplate":"https:\/\/luizajewels.com\/en\/?s={search_term_string}"},"query-input":{"@type":"PropertyValueSpecification","valueRequired":true,"valueName":"search_term_string"}}],"inLanguage":"en-US"}]}},"_links":{"self":[{"href":"https:\/\/luizajewels.com\/en\/wp-json\/wp\/v2\/product\/10939","targetHints":{"allow":["GET"]}}],"collection":[{"href":"https:\/\/luizajewels.com\/en\/wp-json\/wp\/v2\/product"}],"about":[{"href":"https:\/\/luizajewels.com\/en\/wp-json\/wp\/v2\/types\/product"}],"wp:featuredmedia":[{"embeddable":true,"href":"https:\/\/luizajewels.com\/en\/wp-json\/wp\/v2\/media\/10942"}],"wp:attachment":[{"href":"https:\/\/luizajewels.com\/en\/wp-json\/wp\/v2\/media?parent=10939"}],"wp:term":[{"taxonomy":"product_brand","embeddable":true,"href":"https:\/\/luizajewels.com\/en\/wp-json\/wp\/v2\/product_brand?post=10939"},{"taxonomy":"product_cat","embeddable":true,"href":"https:\/\/luizajewels.com\/en\/wp-json\/wp\/v2\/product_cat?post=10939"},{"taxonomy":"product_tag","embeddable":true,"href":"https:\/\/luizajewels.com\/en\/wp-json\/wp\/v2\/product_tag?post=10939"}],"curies":[{"name":"wp","href":"https:\/\/api.w.org\/{rel}","templated":true}]}}